{"id":8,"date":"2020-02-26T15:12:06","date_gmt":"2020-02-26T14:12:06","guid":{"rendered":"http:\/\/spa-les-cigales.fr\/?page_id=8"},"modified":"2026-04-16T12:13:34","modified_gmt":"2026-04-16T10:13:34","slug":"accueil","status":"publish","type":"page","link":"https:\/\/spa-les-cigales.fr\/","title":{"rendered":"Bienvenue au Centre de Bien \u00eatre Thalgo"},"content":{"rendered":"\n<h2 class=\"wp-block-heading\">CAMPING LES CIGALES &#8211; LE MUY<\/h2>\n\n\n\n<figure class=\"wp-block-image size-large\"><img loading=\"lazy\" decoding=\"async\" width=\"1024\" height=\"387\" src=\"https:\/\/spa-les-cigales.fr\/wp-content\/uploads\/2024\/06\/Sans-titre-2-1024x387.jpg\" alt=\"\" class=\"wp-image-245\" srcset=\"https:\/\/spa-les-cigales.fr\/wp-content\/uploads\/2024\/06\/Sans-titre-2-1024x387.jpg 1024w, https:\/\/spa-les-cigales.fr\/wp-content\/uploads\/2024\/06\/Sans-titre-2-300x113.jpg 300w, https:\/\/spa-les-cigales.fr\/wp-content\/uploads\/2024\/06\/Sans-titre-2-768x290.jpg 768w, https:\/\/spa-les-cigales.fr\/wp-content\/uploads\/2024\/06\/Sans-titre-2-1536x580.jpg 1536w, https:\/\/spa-les-cigales.fr\/wp-content\/uploads\/2024\/06\/Sans-titre-2-2048x774.jpg 2048w\" sizes=\"(max-width: 1024px) 100vw, 1024px\" \/><\/figure>\n\n\n\n<p class=\"has-text-align-left\"><mark style=\"background-color:rgba(0, 0, 0, 0);color:#016172\" class=\"has-inline-color\"><strong>Toutes nos prestations sont sur rendez vous (sauf l&rsquo;acc\u00e8s \u00e0 la salle de sport) :<\/strong><\/mark><\/p>\n\n\n\n<ul>\n<li>Massages, soins du corps et du visage en solo ou duo, gommage en solo<\/li>\n\n\n\n<li>Soins esth\u00e9tiques, \u00e9pilations, onglerie (semi-permanent uniquement)<\/li>\n<\/ul>\n\n\n\n<p class=\"has-text-align-left\"><strong><em><mark style=\"background-color:rgba(0, 0, 0, 0);color:#016172\" class=\"has-inline-color\">Acc\u00e8s Salle de Sport&nbsp;:<\/mark> \u00e0 partir de 15 ans accompagn\u00e9 d\u2019un adulte ou \u00e0 partir de 16 ans en acc\u00e8s seul<\/em><\/strong> (2,50\u20ac la journ\u00e9e &#8211; 10,00\u20ac la semaine) <\/p>\n\n\n\n<p class=\"has-text-align-left\"><strong><em><mark style=\"background-color:rgba(0, 0, 0, 0);color:#016172\" class=\"has-inline-color\">Soins Corps et Visage :<\/mark> \u00e0 partir de 14 ans avec accord parental&nbsp;(fiche \u00e0 remplir \u00e0 l\u2019accueil du <em><strong>Point Informations<\/strong><\/em>)<\/em><\/strong><\/p>\n\n\n\n<p class=\"has-text-align-left\"><em><strong><mark style=\"background-color:rgba(0, 0, 0, 0);color:#016172\" class=\"has-inline-color\">Onglerie :<\/mark> semi-permanent \u00e0 partir de 16 ans avec accord parental&nbsp;(fiche \u00e0 remplir \u00e0 l\u2019accueil du Point Informations).<\/strong><\/em><\/p>\n\n\n\n<p class=\"has-text-align-left\"><strong><span style=\"color: #ff3399;\"><mark style=\"background-color:rgba(0, 0, 0, 0);color:#016172\" class=\"has-inline-color\"><a href=\"https:\/\/spa-les-cigales.fr\/wp-content\/uploads\/2025\/07\/centre-de-bien-etre-cigales-2025-RECTO-VERSO-SITE.pdf\" data-type=\"link\" data-id=\"https:\/\/spa-les-cigales.fr\/wp-content\/uploads\/2025\/07\/centre-de-bien-etre-cigales-2025-RECTO-VERSO-SITE.pdf\">TELECHARGER NOTRE BROCHURE<\/a><\/mark><\/span><\/strong><\/p>\n\n\n\n<p class=\"has-text-align-left\"><strong>Le r\u00e8glement de votre prestation doit \u00eatre effectu\u00e9 sur place au moment de la r\u00e9servation<\/strong> (CB, esp\u00e8ces et ch\u00e8ques vacances ANCV uniquement).<\/p>\n\n\n\n<figure class=\"wp-block-image size-large\"><img loading=\"lazy\" decoding=\"async\" width=\"1024\" height=\"450\" src=\"https:\/\/spa-les-cigales.fr\/wp-content\/uploads\/2024\/06\/spa-1-1-1024x450.jpg\" alt=\"\" class=\"wp-image-241\" srcset=\"https:\/\/spa-les-cigales.fr\/wp-content\/uploads\/2024\/06\/spa-1-1-1024x450.jpg 1024w, https:\/\/spa-les-cigales.fr\/wp-content\/uploads\/2024\/06\/spa-1-1-300x132.jpg 300w, https:\/\/spa-les-cigales.fr\/wp-content\/uploads\/2024\/06\/spa-1-1-768x338.jpg 768w, https:\/\/spa-les-cigales.fr\/wp-content\/uploads\/2024\/06\/spa-1-1-1536x676.jpg 1536w, https:\/\/spa-les-cigales.fr\/wp-content\/uploads\/2024\/06\/spa-1-1.jpg 1753w\" sizes=\"(max-width: 1024px) 100vw, 1024px\" \/><\/figure>\n\n\n\n<h2 class=\"wp-block-heading\"><strong>Welcome to the Thalgo Wellness Center<\/strong><\/h2>\n\n\n\n<p><strong>All our services with reservation only (except the gym).<\/strong><\/p>\n\n\n\n<ul>\n<li>Massages alone or as a duo, facial care alone or as a duo, scubs alone.<\/li>\n<\/ul>\n\n\n\n<ul>\n<li>Hair removal and semi permanent nailcare.<\/li>\n<\/ul>\n\n\n\n<p>The gym, less than 15 years old, access prohibited<\/p>\n\n\n\n<p>15 years old, accompagnied by an adulte<\/p>\n\n\n\n<p>16+ years old, sole access<\/p>\n\n\n\n<p>Gym Access: ages 15 and up accompanied by an adult, or ages 16 and up on their own (\u20ac2.50 per day &#8211; \u20ac10.00 per week)<\/p>\n\n\n\n<p><strong>Body care, facial care\u00a0 from age 14, with parental consent<\/strong> ( a consent form will be filled out at the Information Desk)<\/p>\n\n\n\n<p><strong>Nailcare, semi permanent, from age 16 with parental consent<\/strong> (a consent form will be filled out at the Information Deskr)<\/p>\n\n\n\n<p><a href=\"https:\/\/spa-les-cigales.fr\/wp-content\/uploads\/2025\/07\/centre-de-bien-etre-cigales-2025-RECTO-VERSO-SITE.pdf\">DOWNLOAD OUR BROCHURE<\/a><\/p>\n\n\n\n<p><strong>All reservations must be payed in advance (by card or cash)<\/strong>, when you take a reservation. <\/p>\n","protected":false},"excerpt":{"rendered":"<p>CAMPING LES CIGALES &#8211; LE MUY Toutes nos prestations sont sur rendez vous (sauf l&rsquo;acc\u00e8s \u00e0 la salle de sport) : Acc\u00e8s Salle de Sport&nbsp;: \u00e0 partir de 15 ans accompagn\u00e9 d\u2019un adulte ou \u00e0 partir de 16 ans en acc\u00e8s seul (2,50\u20ac la journ\u00e9e &#8211; 10,00\u20ac la semaine) Soins Corps et Visage : \u00e0 partir de 14 ans avec &hellip; <\/p>\n","protected":false},"author":1,"featured_media":0,"parent":0,"menu_order":0,"comment_status":"closed","ping_status":"closed","template":"","meta":{"_monsterinsights_skip_tracking":false,"_monsterinsights_sitenote_active":false,"_monsterinsights_sitenote_note":"","_monsterinsights_sitenote_category":0,"footnotes":""},"_links":{"self":[{"href":"https:\/\/spa-les-cigales.fr\/index.php?rest_route=\/wp\/v2\/pages\/8"}],"collection":[{"href":"https:\/\/spa-les-cigales.fr\/index.php?rest_route=\/wp\/v2\/pages"}],"about":[{"href":"https:\/\/spa-les-cigales.fr\/index.php?rest_route=\/wp\/v2\/types\/page"}],"author":[{"embeddable":true,"href":"https:\/\/spa-les-cigales.fr\/index.php?rest_route=\/wp\/v2\/users\/1"}],"replies":[{"embeddable":true,"href":"https:\/\/spa-les-cigales.fr\/index.php?rest_route=%2Fwp%2Fv2%2Fcomments&post=8"}],"version-history":[{"count":69,"href":"https:\/\/spa-les-cigales.fr\/index.php?rest_route=\/wp\/v2\/pages\/8\/revisions"}],"predecessor-version":[{"id":295,"href":"https:\/\/spa-les-cigales.fr\/index.php?rest_route=\/wp\/v2\/pages\/8\/revisions\/295"}],"wp:attachment":[{"href":"https:\/\/spa-les-cigales.fr\/index.php?rest_route=%2Fwp%2Fv2%2Fmedia&parent=8"}],"curies":[{"name":"wp","href":"https:\/\/api.w.org\/{rel}","templated":true}]}}